{"id":2542,"date":"2021-05-26T09:58:32","date_gmt":"2021-05-26T07:58:32","guid":{"rendered":"http:\/\/milanmysik.com\/?page_id=2542"},"modified":"2021-10-11T23:37:46","modified_gmt":"2021-10-11T21:37:46","slug":"fotogalerie-2021","status":"publish","type":"page","link":"https:\/\/milanmysik.com\/en\/home\/fotogalerie-2021\/","title":{"rendered":"Fotogalerie 2021"},"content":{"rendered":"<div id=\"pl-2542\"  class=\"panel-layout\" ><div id=\"pg-2542-0\"  class=\"panel-grid panel-has-style\" ><div style=\"padding: 100px 0; \" data-overlay=\"true\" data-overlay-color=\"#000000\" class=\"panel-row-style panel-row-style-for-2542-0\" ><div id=\"pgc-2542-0-0\"  class=\"panel-grid-cell\" ><div id=\"panel-2542-0-0-0\" class=\"so-panel widget widget_text panel-first-child panel-last-child\" data-index=\"0\" ><div style=\"text-align: left;\" id=\"ews9tweedvalley2021\" data-title-color=\"#443f3f\" data-headings-color=\"#443f3f\" class=\"panel-widget-style panel-widget-style-for-2542-0-0-0\" ><h3 class=\"widget-title\">EWS #9 Skotsko Tweed Valley 2021<\/h3>\t\t\t<div class=\"textwidget\">ngg_shortcode_0_placeholder\n<\/div>\n\t\t<\/div><\/div><\/div><\/div><\/div><div id=\"pg-2542-1\"  class=\"panel-grid panel-has-style\" ><div class=\"siteorigin-panels-stretch panel-row-style panel-row-style-for-2542-1\" style=\"padding: 100px 0; \" data-stretch-type=\"full\" data-overlay=\"true\" data-overlay-color=\"#000000\" ><div id=\"pgc-2542-1-0\"  class=\"panel-grid-cell\" ><div id=\"panel-2542-1-0-0\" class=\"so-panel widget widget_text panel-first-child panel-last-child\" data-index=\"1\" ><div style=\"text-align: left;\" id=\"ewsfinaleligure2021\" data-title-color=\"#443f3f\" data-headings-color=\"#443f3f\" class=\"panel-widget-style panel-widget-style-for-2542-1-0-0\" ><h3 class=\"widget-title\">EWS #8 Finale Ligure 2021<\/h3>\t\t\t<div class=\"textwidget\">ngg_shortcode_1_placeholder\n<\/div>\n\t\t<\/div><\/div><\/div><\/div><\/div><div id=\"pg-2542-2\"  class=\"panel-grid panel-has-style\" ><div style=\"padding: 100px 0; \" data-overlay=\"true\" data-overlay-color=\"#000000\" class=\"panel-row-style panel-row-style-for-2542-2\" ><div id=\"pgc-2542-2-0\"  class=\"panel-grid-cell\" ><div id=\"panel-2542-2-0-0\" class=\"so-panel widget widget_text panel-first-child panel-last-child\" data-index=\"2\" ><div style=\"text-align: left;\" id=\"ewsefinale2021\" data-title-color=\"#443f3f\" data-headings-color=\"#443f3f\" class=\"panel-widget-style panel-widget-style-for-2542-2-0-0\" ><h3 class=\"widget-title\">EWS \u2013 E | Finale Ligure 2021<\/h3>\t\t\t<div class=\"textwidget\">ngg_shortcode_2_placeholder\n<\/div>\n\t\t<\/div><\/div><\/div><\/div><\/div><div id=\"pg-2542-3\"  class=\"panel-grid panel-has-style\" ><div class=\"siteorigin-panels-stretch panel-row-style panel-row-style-for-2542-3\" style=\"padding: 100px 0; \" data-stretch-type=\"full\" data-overlay=\"true\" data-overlay-color=\"#000000\" ><div id=\"pgc-2542-3-0\"  class=\"panel-grid-cell\" ><div id=\"panel-2542-3-0-0\" class=\"so-panel widget widget_text panel-first-child panel-last-child\" data-index=\"3\" ><div style=\"text-align: left;\" id=\"enduroseriespicak2021\" data-title-color=\"#443f3f\" data-headings-color=\"#443f3f\" class=\"panel-widget-style panel-widget-style-for-2542-3-0-0\" ><h3 class=\"widget-title\">\u010cesk\u00e1 Enduro S\u00e9rie #6 &#8211; \u0160pi\u010d\u00e1k<\/h3>\t\t\t<div class=\"textwidget\">ngg_shortcode_3_placeholder\n<\/div>\n\t\t<\/div><\/div><\/div><\/div><\/div><div id=\"pg-2542-4\"  class=\"panel-grid panel-has-style\" ><div style=\"padding: 100px 0; \" data-overlay=\"true\" data-overlay-color=\"#000000\" class=\"panel-row-style panel-row-style-for-2542-4\" ><div id=\"pgc-2542-4-0\"  class=\"panel-grid-cell\" ><div id=\"panel-2542-4-0-0\" class=\"so-panel widget widget_text panel-first-child panel-last-child\" data-index=\"4\" ><div style=\"text-align: left;\" id=\"enduroseriekouty2021\" data-title-color=\"#443f3f\" data-headings-color=\"#443f3f\" class=\"panel-widget-style panel-widget-style-for-2542-4-0-0\" ><h3 class=\"widget-title\">\u010cesk\u00e1 Enduro S\u00e9rie #4 &#8211; Kouty<\/h3>\t\t\t<div class=\"textwidget\">ngg_shortcode_4_placeholder\n<\/div>\n\t\t<\/div><\/div><\/div><\/div><\/div><div id=\"pg-2542-5\"  class=\"panel-grid panel-has-style\" ><div class=\"siteorigin-panels-stretch panel-row-style panel-row-style-for-2542-5\" style=\"padding: 100px 0; \" data-stretch-type=\"full\" data-overlay=\"true\" data-overlay-color=\"#000000\" ><div id=\"pgc-2542-5-0\"  class=\"panel-grid-cell\" ><div id=\"panel-2542-5-0-0\" class=\"so-panel widget widget_text panel-first-child panel-last-child\" data-index=\"5\" ><div style=\"text-align: left;\" id=\"enduroseriezadov2021\" data-title-color=\"#443f3f\" data-headings-color=\"#443f3f\" class=\"panel-widget-style panel-widget-style-for-2542-5-0-0\" ><h3 class=\"widget-title\">\u010cesk\u00e1 Enduro S\u00e9rie #3 &#8211; Zadov<\/h3>\t\t\t<div class=\"textwidget\">ngg_shortcode_5_placeholder\n<\/div>\n\t\t<\/div><\/div><\/div><\/div><\/div><div id=\"pg-2542-6\"  class=\"panel-grid panel-has-style\" ><div style=\"padding: 100px 0; \" data-overlay=\"true\" data-overlay-color=\"#000000\" class=\"panel-row-style panel-row-style-for-2542-6\" ><div id=\"pgc-2542-6-0\"  class=\"panel-grid-cell\" ><div id=\"panel-2542-6-0-0\" class=\"so-panel widget widget_text panel-first-child panel-last-child\" data-index=\"6\" ><div style=\"text-align: left;\" id=\"EWSlathuile2021\" data-title-color=\"#443f3f\" data-headings-color=\"#443f3f\" class=\"panel-widget-style panel-widget-style-for-2542-6-0-0\" ><h3 class=\"widget-title\">EWS #3 La Thuile (It\u00e1lie)<\/h3>\t\t\t<div class=\"textwidget\">ngg_shortcode_6_placeholder\n<\/div>\n\t\t<\/div><\/div><\/div><\/div><\/div><div id=\"pg-2542-7\"  class=\"panel-grid panel-has-style\" ><div class=\"siteorigin-panels-stretch panel-row-style panel-row-style-for-2542-7\" style=\"padding: 100px 0; \" data-stretch-type=\"full\" data-overlay=\"true\" data-overlay-color=\"#000000\" ><div id=\"pgc-2542-7-0\"  class=\"panel-grid-cell\" ><div id=\"panel-2542-7-0-0\" class=\"so-panel widget widget_text panel-first-child panel-last-child\" data-index=\"7\" ><div style=\"text-align: left;\" id=\"EWSCanazei2021\" data-title-color=\"#443f3f\" data-headings-color=\"#443f3f\" class=\"panel-widget-style panel-widget-style-for-2542-7-0-0\" ><h3 class=\"widget-title\">EWS #1,2\/2021 &#8211; Canazei (It\u00e1lie)<\/h3>\t\t\t<div class=\"textwidget\">ngg_shortcode_7_placeholder\n<\/div>\n\t\t<\/div><\/div><\/div><\/div><\/div><div id=\"pg-2542-8\"  class=\"panel-grid panel-has-style\" ><div style=\"padding: 100px 0; \" data-overlay=\"true\" data-overlay-color=\"#000000\" class=\"panel-row-style panel-row-style-for-2542-8\" ><div id=\"pgc-2542-8-0\"  class=\"panel-grid-cell\" ><div id=\"panel-2542-8-0-0\" class=\"so-panel widget widget_text panel-first-child panel-last-child\" data-index=\"8\" ><div style=\"text-align: left;\" id=\"EnduroserieKralicak2021\" data-title-color=\"#443f3f\" data-headings-color=\"#443f3f\" class=\"panel-widget-style panel-widget-style-for-2542-8-0-0\" ><h3 class=\"widget-title\">\u010cesk\u00e1 Enduro S\u00e9rie #1\/2021 &#8211; Krali\u010d\u00e1k<\/h3>\t\t\t<div class=\"textwidget\">ngg_shortcode_8_placeholder\n<\/div>\n\t\t<\/div><\/div><\/div><\/div><\/div><div id=\"pg-2542-9\"  class=\"panel-grid panel-has-style\" ><div class=\"siteorigin-panels-stretch panel-row-style panel-row-style-for-2542-9\" style=\"padding: 100px 0; \" data-stretch-type=\"full\" data-overlay=\"true\" data-overlay-color=\"#000000\" ><div id=\"pgc-2542-9-0\"  class=\"panel-grid-cell\" ><div id=\"panel-2542-9-0-0\" class=\"so-panel widget widget_text panel-first-child panel-last-child\" data-index=\"9\" ><div style=\"text-align: left;\" id=\"TREK2021\" data-title-color=\"#443f3f\" data-headings-color=\"#443f3f\" class=\"panel-widget-style panel-widget-style-for-2542-9-0-0\" ><h3 class=\"widget-title\">TREK nov\u00fd hlavn\u00ed sponzor | 2021<\/h3>\t\t\t<div class=\"textwidget\">ngg_shortcode_9_placeholder\n<\/div>\n\t\t<\/div><\/div><\/div><\/div><\/div><\/div>","protected":false},"excerpt":{"rendered":"<p>EWS #9 Skotsko Tweed Valley 2021 ngg_shortcode_10_placeholder EWS #8 Finale Ligure 2021 ngg_shortcode_11_placeholder EWS \u2013 E | Finale Ligure 2021 ngg_shortcode_12_placeholder \u010cesk\u00e1 [&hellip;]<\/p>","protected":false},"author":1,"featured_media":0,"parent":15,"menu_order":0,"comment_status":"closed","ping_status":"closed","template":"page-templates\/page_fullwidth.php","meta":{"ngg_post_thumbnail":0,"footnotes":""},"class_list":["post-2542","page","type-page","status-publish","hentry"],"_links":{"self":[{"href":"https:\/\/milanmysik.com\/en\/wp-json\/wp\/v2\/pages\/2542","targetHints":{"allow":["GET"]}}],"collection":[{"href":"https:\/\/milanmysik.com\/en\/wp-json\/wp\/v2\/pages"}],"about":[{"href":"https:\/\/milanmysik.com\/en\/wp-json\/wp\/v2\/types\/page"}],"author":[{"embeddable":true,"href":"https:\/\/milanmysik.com\/en\/wp-json\/wp\/v2\/users\/1"}],"replies":[{"embeddable":true,"href":"https:\/\/milanmysik.com\/en\/wp-json\/wp\/v2\/comments?post=2542"}],"version-history":[{"count":5,"href":"https:\/\/milanmysik.com\/en\/wp-json\/wp\/v2\/pages\/2542\/revisions"}],"predecessor-version":[{"id":2896,"href":"https:\/\/milanmysik.com\/en\/wp-json\/wp\/v2\/pages\/2542\/revisions\/2896"}],"up":[{"embeddable":true,"href":"https:\/\/milanmysik.com\/en\/wp-json\/wp\/v2\/pages\/15"}],"wp:attachment":[{"href":"https:\/\/milanmysik.com\/en\/wp-json\/wp\/v2\/media?parent=2542"}],"curies":[{"name":"wp","href":"https:\/\/api.w.org\/{rel}","templated":true}]}}